{"id":1341,"date":"2024-04-08T12:46:43","date_gmt":"2024-04-08T12:46:43","guid":{"rendered":"https:\/\/mespo.it\/news\/"},"modified":"2024-04-08T12:46:43","modified_gmt":"2024-04-08T12:46:43","slug":"news","status":"publish","type":"page","link":"https:\/\/mespo.it\/en\/news\/","title":{"rendered":"News"},"content":{"rendered":"<section class=\"bde-section-1341-100 bde-section\">\n  \n\t\n\n\n\n<div class=\"section-container\"><div class=\"bde-div-1341-101 bde-div\">\n  \n\t\n\n\n\n<div class=\"bde-image-1341-102 bde-image\">\n<figure class=\"breakdance-image breakdance-image--197\">\n\t<div class=\"breakdance-image-container\">\n\t\t<div class=\"breakdance-image-clip\"><img loading=\"lazy\" decoding=\"async\" class=\"breakdance-image-object\" src=\"https:\/\/mespo.it\/wp-content\/uploads\/2024\/03\/Logo-in-sporgenza-titolo.webp\" width=\"90\" height=\"76\" sizes=\"auto, (max-width: 90px) 100vw, 90px\"><\/div>\n\t<\/div><\/figure>\n\n<\/div><h1 class=\"bde-heading-1341-103 bde-heading\">\nla sicurezza<br>\u00e8 la nsotra <br>specialit\u00e0\n<\/h1>\n<\/div><\/div>\n<\/section><section class=\"bde-section-1341-194 bde-section\">\n  \n\t\n\n\n\n<div class=\"section-container\"><h1 class=\"bde-heading-1341-195 bde-heading\">\nprofessionalit\u00e0, esperienza <br>e compentenza per un servizio di qualit\u00e0\n<\/h1><div class=\"bde-text-1341-215 bde-text\">\nFondata nel 1980 a Castellana Grotte, la nostra azienda Me-Spo si afferma sin da subito nel settore artigianale di ebanisteria. A partire dal 1984, sviluppiamo una specializzazione nella produzione di sistemi di radioprotezione utilizzati in ambito radiologico e ospedaliero, che ci rende oggi un punto di riferimento storico nel settore.<br><br>In un settore come quello sanitario, al centro di rapidi cambiamenti e continui progressi, puntiamo sull\u2019aggiornamento continuo e sullo studio delle tecniche pi\u00f9 innovative per la sicurezza delle persone esposte a fonti radianti, assicurando cos\u00ec la realizzazione di schermature anti-x sicure ed efficaci. <br><br>Il nostro costante impegno nell\u2019aggiornamento professionale garantisce l\u2019esecuzione di lavori altamente precisi e l\u2019apprendimento di tecniche e competenze sempre nuove. Grazie all\u2019esperienza consolidata nel settore, siamo in grado di gestire con assoluta padronanza e maestria ogni fase del processo, dalla progettazione alla selezione dei materiali fino alla messa in opera di sistemi di radioprotezione.<br>  <br>L\u2019elevata qualit\u00e0 di ogni opera \u00e8 resa possibile da un know-how di elevato livello, da conoscenze tecniche approfondite e dall\u2019esperienza maturata con impegno in anni di lavoro.\n<\/div><\/div>\n<\/section><section class=\"bde-section-1341-104 bde-section\">\n  \n\t\n\n\n\n<div class=\"section-container\"><div class=\"bde-columns-1341-106 bde-columns\"><div class=\"bde-column-1341-108 bde-column\">\n  \n\t\n\n\n\n\n<\/div><div class=\"bde-column-1341-107 bde-column\">\n  \n\t\n\n\n\n<div class=\"bde-div-1341-122 bde-div\">\n  \n\t\n\n\n\n<h1 class=\"bde-heading-1341-212 bde-heading\">\nArtigiani<br>dal 1984\n<\/h1><div class=\"bde-text-1341-109 bde-text\">\nDal principio della nostra storia siamo legati al valore dell\u2019artigianalit\u00e0.<br><br>Per questo motivo, lavoriamo a mano e con cura i nostri materiali, sfruttando tecnica, abilit\u00e0 e grande precisione per dare vita a sistemi di radioprotezione completamente su misura per l\u2019ambito radiologico e ospedaliero, studiati nel minimo dettaglio e personalizzati secondo le esigenze dei nostri clienti.<br>\n<\/div><div class=\"bde-button-1341-214 bde-button btn-custom\">\n    \n                                    \n    \n    \n    \n    \n            \n            <button type=\"button\" class=\"button-atom button-atom--primary bde-button__button\"  >\n    \n        <span class=\"button-atom__text\">Scopri di pi\u00f9<\/span>\n\n        \n        \n            <\/button>\n    \n\n\n<\/div>\n<\/div>\n<\/div><\/div><\/div>\n<\/section><section class=\"bde-section-1341-196 bde-section\">\n  \n\t\n\n\n\n<div class=\"section-container\"><div class=\"bde-columns-1341-197 bde-columns\"><div class=\"bde-column-1341-198 bde-column\">\n  \n\t\n\n\n\n<div class=\"bde-image-1341-200 bde-image\">\n<figure class=\"breakdance-image breakdance-image--93\">\n\t<div class=\"breakdance-image-container\">\n\t\t<div class=\"breakdance-image-clip\"><img loading=\"lazy\" decoding=\"async\" class=\"breakdance-image-object\" src=\"https:\/\/mespo.it\/wp-content\/uploads\/2024\/03\/logo-certipicazione.webp\" width=\"82\" height=\"110\" sizes=\"auto, (max-width: 82px) 100vw, 82px\"><\/div>\n\t<\/div><\/figure>\n\n<\/div><h1 class=\"bde-heading-1341-202 bde-heading\">\nQualit\u00e0\n<\/h1><div class=\"bde-text-1341-203 bde-text\">\nNoi di Me-Spo produciamo schermature anti-x conformi agli standard normativi e qualitativi di settore pi\u00f9 riconosciuti a livello internazionale. \n<\/div><div class=\"bde-button-1341-205 bde-button btn-custom\">\n    \n                                    \n    \n    \n    \n    \n            \n            <button type=\"button\" class=\"button-atom button-atom--custom bde-button__button\"  >\n    \n        <span class=\"button-atom__text\">Scopri di pi\u00f9<\/span>\n\n        \n        \n            <\/button>\n    \n\n\n<\/div>\n<\/div><div class=\"bde-column-1341-206 bde-column\">\n  \n\t\n\n\n\n<div class=\"bde-image-1341-207 bde-image\">\n<figure class=\"breakdance-image breakdance-image--94\">\n\t<div class=\"breakdance-image-container\">\n\t\t<div class=\"breakdance-image-clip\"><img loading=\"lazy\" decoding=\"async\" class=\"breakdance-image-object\" src=\"https:\/\/mespo.it\/wp-content\/uploads\/2024\/03\/Risorsa-4.webp\" width=\"107\" height=\"102\" sizes=\"auto, (max-width: 107px) 100vw, 107px\"><\/div>\n\t<\/div><\/figure>\n\n<\/div><h1 class=\"bde-heading-1341-208 bde-heading\">\nproduzione\n<\/h1><div class=\"bde-text-1341-209 bde-text\">\nL\u2019esperienza ormai consolidata nel settore della radioprotezione ci consente di gestire in modo efficiente, preciso e puntuale ogni fase del nostro processo produttivo\n<\/div><div class=\"bde-button-1341-210 bde-button btn-custom\">\n    \n                                    \n    \n    \n    \n    \n            \n            <button type=\"button\" class=\"button-atom button-atom--custom bde-button__button\"  >\n    \n        <span class=\"button-atom__text\">Scopri di pi\u00f9<\/span>\n\n        \n        \n            <\/button>\n    \n\n\n<\/div>\n<\/div><\/div><div class=\"bde-button-1341-144 bde-button btn-custom\">\n    \n                                    \n    \n    \n    \n    \n            \n            <button type=\"button\" class=\"button-atom button-atom--primary bde-button__button\"  >\n    \n        <span class=\"button-atom__text\">scarica il catalogo<\/span>\n\n        \n        \n            <\/button>\n    \n\n\n<\/div><\/div>\n<\/section><div class=\"bde-globalblock-1341-242 bde-globalblock\">\n<section class=\"bde-section-100-100-100-1 bde-section bde-section-100-100\">\n  \n\t\n\n\n\n<div class=\"section-container\"><div class=\"bde-columns-100-101-100-1 bde-columns bde-columns-100-101\"><div class=\"bde-column-100-102-100-1 bde-column bde-column-100-102\">\n  \n\t\n\n\n\n<div class=\"bde-div-100-103-100-1 bde-div bde-div-100-103\">\n  \n\t\n\n\n\n<div class=\"bde-div-100-104-100-1 bde-div bde-div-100-104\">\n  \n\t\n\n\n\n<h4 class=\"bde-heading-100-105-100-1 bde-heading bde-heading-100-105\">\nPORTE\n<\/h4>\n<\/div><div class=\"bde-button-100-106-100-1 bde-button btn-custom bde-button-100-106\">\n    \n                                    \n    \n    \n    \n    \n            \n                    \n            \n            \n\n    \n    \n    \n    \n    \n    <a class=\"breakdance-link button-atom button-atom--primary bde-button__button\" href=\"https:\/\/mespo.it\/prodotti\/porte-anti-x\/\" target=\"_self\" data-type=\"url\"  >\n\n    \n        <span class=\"button-atom__text\">Scopri di pi\u00f9<\/span>\n\n        \n        \n                <\/a>\n\n    \n\n\n<\/div>\n<\/div><div class=\"bde-div-100-107-100-1 bde-div bde-div-100-107\">\n  \n\t\n\n\n\n<div class=\"bde-div-100-108-100-1 bde-div bde-div-100-108\">\n  \n\t\n\n\n\n<h4 class=\"bde-heading-100-109-100-1 bde-heading bde-heading-100-109\">\nSALISCENDI\n<\/h4>\n<\/div><div class=\"bde-button-100-110-100-1 bde-button btn-custom bde-button-100-110\">\n    \n                                    \n    \n    \n    \n    \n            \n                    \n            \n            \n\n    \n    \n    \n    \n    \n    <a class=\"breakdance-link button-atom button-atom--primary bde-button__button\" href=\"https:\/\/mespo.it\/prodotti\/saliscendi-anti-x\/\" target=\"_self\" data-type=\"url\"  >\n\n    \n        <span class=\"button-atom__text\">Scopri di pi\u00f9<\/span>\n\n        \n        \n                <\/a>\n\n    \n\n\n<\/div>\n<\/div>\n<\/div><div class=\"bde-column-100-111-100-1 bde-column bde-column-100-111\">\n  \n\t\n\n\n\n<div class=\"bde-div-100-112-100-1 bde-div bde-div-100-112\">\n  \n\t\n\n\n\n<div class=\"bde-div-100-113-100-1 bde-div bde-div-100-113\">\n  \n\t\n\n\n\n<h4 class=\"bde-heading-100-114-100-1 bde-heading bde-heading-100-114\">\nPANNELLI\n<\/h4>\n<\/div><div class=\"bde-button-100-115-100-1 bde-button btn-custom bde-button-100-115\">\n    \n                                    \n    \n    \n    \n    \n            \n                    \n            \n            \n\n    \n    \n    \n    \n    \n    <a class=\"breakdance-link button-atom button-atom--primary bde-button__button\" href=\"https:\/\/mespo.it\/prodotti\/pannelli-anti-x\/\" target=\"_self\" data-type=\"url\"  >\n\n    \n        <span class=\"button-atom__text\">Scopri di pi\u00f9<\/span>\n\n        \n        \n                <\/a>\n\n    \n\n\n<\/div>\n<\/div>\n<\/div><div class=\"bde-column-100-116-100-1 bde-column bde-column-100-116\">\n  \n\t\n\n\n\n<div class=\"bde-div-100-117-100-1 bde-div bde-div-100-117\">\n  \n\t\n\n\n\n<div class=\"bde-div-100-118-100-1 bde-div bde-div-100-118\">\n  \n\t\n\n\n\n<h4 class=\"bde-heading-100-119-100-1 bde-heading bde-heading-100-119\">\nCABINATI\n<\/h4>\n<\/div><div class=\"bde-button-100-120-100-1 bde-button btn-custom bde-button-100-120\">\n    \n                                    \n    \n    \n    \n    \n            \n                    \n            \n            \n\n    \n    \n    \n    \n    \n    <a class=\"breakdance-link button-atom button-atom--primary bde-button__button\" href=\"https:\/\/mespo.it\/prodotti\/cabinati-anti-x\/\" target=\"_self\" data-type=\"url\"  >\n\n    \n        <span class=\"button-atom__text\">Scopri di pi\u00f9<\/span>\n\n        \n        \n                <\/a>\n\n    \n\n\n<\/div>\n<\/div><div class=\"bde-div-100-121-100-1 bde-div bde-div-100-121\">\n  \n\t\n\n\n\n<div class=\"bde-div-100-122-100-1 bde-div bde-div-100-122\">\n  \n\t\n\n\n\n<h4 class=\"bde-heading-100-123-100-1 bde-heading bde-heading-100-123\">\nVISIVE ANTI-X\n<\/h4>\n<\/div><div class=\"bde-button-100-124-100-1 bde-button btn-custom bde-button-100-124\">\n    \n                                    \n    \n    \n    \n    \n            \n                    \n            \n            \n\n    \n    \n    \n    \n    \n    <a class=\"breakdance-link button-atom button-atom--primary bde-button__button\" href=\"https:\/\/mespo.it\/prodotti\/visive-anti-x\/\" target=\"_self\" data-type=\"url\"  >\n\n    \n        <span class=\"button-atom__text\">Scopri di pi\u00f9<\/span>\n\n        \n        \n                <\/a>\n\n    \n\n\n<\/div>\n<\/div>\n<\/div><\/div><\/div>\n<\/section>\n<\/div><section class=\"bde-section-1341-216 bde-section\">\n  \n\t\n\n\n\n<div class=\"section-container\"><div class=\"bde-button-1341-243 bde-button btn-custom\">\n    \n                                    \n    \n    \n    \n    \n            \n            <button type=\"button\" class=\"button-atom button-atom--secondary bde-button__button\"  >\n    \n        <span class=\"button-atom__text\">Scopri tutti i prodotti<\/span>\n\n        \n        \n            <\/button>\n    \n\n\n<\/div><\/div>\n<\/section>","protected":false},"excerpt":{"rendered":"<p>la sicurezza\u00e8 la nsotra specialit\u00e0 professionalit\u00e0, esperienza e compentenza per un servizio di qualit\u00e0 Fondata nel 1980 a Castellana Grotte, la nostra azienda Me-Spo si afferma sin da subito nel settore artigianale di ebanisteria. A partire dal 1984, sviluppiamo una specializzazione nella produzione di sistemi di radioprotezione utilizzati in ambito radiologico e ospedaliero, che ci [&hellip;]<\/p>\n","protected":false},"author":1,"featured_media":0,"parent":0,"menu_order":0,"comment_status":"closed","ping_status":"closed","template":"","meta":{"_breakdance_hide_in_design_set":false,"_breakdance_tags":"","footnotes":""},"class_list":["post-1341","page","type-page","status-publish","hentry"],"yoast_head":"<!-- This site is optimized with the Yoast SEO plugin v24.4 - https:\/\/yoast.com\/wordpress\/plugins\/seo\/ -->\n<title>News - Mespo<\/title>\n<meta name=\"robots\" content=\"index, follow, max-snippet:-1, max-image-preview:large, max-video-preview:-1\" \/>\n<link rel=\"canonical\" href=\"https:\/\/mespo.it\/en\/news\/\" \/>\n<meta property=\"og:locale\" content=\"en_US\" \/>\n<meta property=\"og:type\" content=\"article\" \/>\n<meta property=\"og:title\" content=\"News - Mespo\" \/>\n<meta property=\"og:description\" content=\"la sicurezza\u00e8 la nsotra specialit\u00e0 professionalit\u00e0, esperienza e compentenza per un servizio di qualit\u00e0 Fondata nel 1980 a Castellana Grotte, la nostra azienda Me-Spo si afferma sin da subito nel settore artigianale di ebanisteria. A partire dal 1984, sviluppiamo una specializzazione nella produzione di sistemi di radioprotezione utilizzati in ambito radiologico e ospedaliero, che ci [&hellip;]\" \/>\n<meta property=\"og:url\" content=\"https:\/\/mespo.it\/en\/news\/\" \/>\n<meta property=\"og:site_name\" content=\"Mespo\" \/>\n<meta name=\"twitter:card\" content=\"summary_large_image\" \/>\n<script type=\"application\/ld+json\" class=\"yoast-schema-graph\">{\"@context\":\"https:\/\/schema.org\",\"@graph\":[{\"@type\":\"WebPage\",\"@id\":\"https:\/\/mespo.it\/en\/news\/\",\"url\":\"https:\/\/mespo.it\/en\/news\/\",\"name\":\"News - Mespo\",\"isPartOf\":{\"@id\":\"https:\/\/mespo.it\/en\/#website\"},\"datePublished\":\"2024-04-08T12:46:43+00:00\",\"breadcrumb\":{\"@id\":\"https:\/\/mespo.it\/en\/news\/#breadcrumb\"},\"inLanguage\":\"en-US\",\"potentialAction\":[{\"@type\":\"ReadAction\",\"target\":[\"https:\/\/mespo.it\/en\/news\/\"]}]},{\"@type\":\"BreadcrumbList\",\"@id\":\"https:\/\/mespo.it\/en\/news\/#breadcrumb\",\"itemListElement\":[{\"@type\":\"ListItem\",\"position\":1,\"name\":\"Home\",\"item\":\"https:\/\/mespo.it\/en\/\"},{\"@type\":\"ListItem\",\"position\":2,\"name\":\"News\"}]},{\"@type\":\"WebSite\",\"@id\":\"https:\/\/mespo.it\/en\/#website\",\"url\":\"https:\/\/mespo.it\/en\/\",\"name\":\"Mespo\",\"description\":\"\",\"potentialAction\":[{\"@type\":\"SearchAction\",\"target\":{\"@type\":\"EntryPoint\",\"urlTemplate\":\"https:\/\/mespo.it\/en\/?s={search_term_string}\"},\"query-input\":{\"@type\":\"PropertyValueSpecification\",\"valueRequired\":true,\"valueName\":\"search_term_string\"}}],\"inLanguage\":\"en-US\"}]}<\/script>\n<!-- \/ Yoast SEO plugin. -->","yoast_head_json":{"title":"News - Mespo","robots":{"index":"index","follow":"follow","max-snippet":"max-snippet:-1","max-image-preview":"max-image-preview:large","max-video-preview":"max-video-preview:-1"},"canonical":"https:\/\/mespo.it\/en\/news\/","og_locale":"en_US","og_type":"article","og_title":"News - Mespo","og_description":"la sicurezza\u00e8 la nsotra specialit\u00e0 professionalit\u00e0, esperienza e compentenza per un servizio di qualit\u00e0 Fondata nel 1980 a Castellana Grotte, la nostra azienda Me-Spo si afferma sin da subito nel settore artigianale di ebanisteria. A partire dal 1984, sviluppiamo una specializzazione nella produzione di sistemi di radioprotezione utilizzati in ambito radiologico e ospedaliero, che ci [&hellip;]","og_url":"https:\/\/mespo.it\/en\/news\/","og_site_name":"Mespo","twitter_card":"summary_large_image","schema":{"@context":"https:\/\/schema.org","@graph":[{"@type":"WebPage","@id":"https:\/\/mespo.it\/en\/news\/","url":"https:\/\/mespo.it\/en\/news\/","name":"News - Mespo","isPartOf":{"@id":"https:\/\/mespo.it\/en\/#website"},"datePublished":"2024-04-08T12:46:43+00:00","breadcrumb":{"@id":"https:\/\/mespo.it\/en\/news\/#breadcrumb"},"inLanguage":"en-US","potentialAction":[{"@type":"ReadAction","target":["https:\/\/mespo.it\/en\/news\/"]}]},{"@type":"BreadcrumbList","@id":"https:\/\/mespo.it\/en\/news\/#breadcrumb","itemListElement":[{"@type":"ListItem","position":1,"name":"Home","item":"https:\/\/mespo.it\/en\/"},{"@type":"ListItem","position":2,"name":"News"}]},{"@type":"WebSite","@id":"https:\/\/mespo.it\/en\/#website","url":"https:\/\/mespo.it\/en\/","name":"Mespo","description":"","potentialAction":[{"@type":"SearchAction","target":{"@type":"EntryPoint","urlTemplate":"https:\/\/mespo.it\/en\/?s={search_term_string}"},"query-input":{"@type":"PropertyValueSpecification","valueRequired":true,"valueName":"search_term_string"}}],"inLanguage":"en-US"}]}},"_links":{"self":[{"href":"https:\/\/mespo.it\/en\/wp-json\/wp\/v2\/pages\/1341","targetHints":{"allow":["GET"]}}],"collection":[{"href":"https:\/\/mespo.it\/en\/wp-json\/wp\/v2\/pages"}],"about":[{"href":"https:\/\/mespo.it\/en\/wp-json\/wp\/v2\/types\/page"}],"author":[{"embeddable":true,"href":"https:\/\/mespo.it\/en\/wp-json\/wp\/v2\/users\/1"}],"replies":[{"embeddable":true,"href":"https:\/\/mespo.it\/en\/wp-json\/wp\/v2\/comments?post=1341"}],"version-history":[{"count":0,"href":"https:\/\/mespo.it\/en\/wp-json\/wp\/v2\/pages\/1341\/revisions"}],"wp:attachment":[{"href":"https:\/\/mespo.it\/en\/wp-json\/wp\/v2\/media?parent=1341"}],"curies":[{"name":"wp","href":"https:\/\/api.w.org\/{rel}","templated":true}]}}